{"id":26336,"date":"2024-06-19T12:55:43","date_gmt":"2024-06-19T12:55:43","guid":{"rendered":"https:\/\/worktop.keydesign.xyz\/handyman\/?page_id=26336"},"modified":"2025-05-16T20:20:11","modified_gmt":"2025-05-16T20:20:11","slug":"tarifs","status":"publish","type":"page","link":"https:\/\/depannageluxembourg.lu\/en\/tarifs\/","title":{"rendered":"Pricing"},"content":{"rendered":"<div data-elementor-type=\"wp-page\" data-elementor-id=\"26336\" class=\"elementor elementor-26336\">\n\t\t\t\t<div class=\"elementor-element elementor-element-5edf881 e-flex e-con-boxed e-con e-parent\" data-id=\"5edf881\" data-element_type=\"container\" data-settings=\"{&quot;background_background&quot;:&quot;classic&quot;,&quot;shape_divider_bottom&quot;:&quot;opacity-fan&quot;}\">\n\t\t\t\t\t<div class=\"e-con-inner\">\n\t\t\t\t<div class=\"elementor-shape elementor-shape-bottom\" aria-hidden=\"true\" data-negative=\"false\">\n\t\t\t<svg xmlns=\"http:\/\/www.w3.org\/2000\/svg\" viewbox=\"0 0 283.5 19.6\" preserveaspectratio=\"none\">\n\t<path class=\"elementor-shape-fill\" style=\"opacity:0.33\" d=\"M0 0L0 18.8 141.8 4.1 283.5 18.8 283.5 0z\"\/>\n\t<path class=\"elementor-shape-fill\" style=\"opacity:0.33\" d=\"M0 0L0 12.6 141.8 4 283.5 12.6 283.5 0z\"\/>\n\t<path class=\"elementor-shape-fill\" style=\"opacity:0.33\" d=\"M0 0L0 6.4 141.8 4 283.5 6.4 283.5 0z\"\/>\n\t<path class=\"elementor-shape-fill\" d=\"M0 0L0 1.2 141.8 4 283.5 1.2 283.5 0z\"\/>\n<\/svg>\t\t<\/div>\n\t\t<div class=\"elementor-element elementor-element-d389405 e-con-full e-flex e-con e-child\" data-id=\"d389405\" data-element_type=\"container\">\n\t\t\t\t<div class=\"elementor-element elementor-element-5cf3f3a animated-fast elementor-invisible elementor-widget elementor-widget-elementskit-heading\" data-id=\"5cf3f3a\" data-element_type=\"widget\" data-settings=\"{&quot;ekit_we_effect_on&quot;:&quot;css&quot;,&quot;_animation_delay&quot;:100,&quot;_animation&quot;:&quot;fadeIn&quot;}\" data-widget_type=\"elementskit-heading.default\">\n\t\t\t\t<div class=\"elementor-widget-container\">\n\t\t\t\t\t<div class=\"ekit-wid-con\" ><div class=\"ekit-heading elementskit-section-title-wraper text_center   ekit_heading_tablet-   ekit_heading_mobile-\"><h1 class=\"ekit-heading--title elementskit-section-title\">Our <span><span>rates<\/span><\/span> of interventions<\/h1>\t\t\t\t<div class='ekit-heading__description'>\n\t\t\t\t\t<p>Our prices are completely transparent: we only charge for time spent. This means you only pay for the service you receive, with no hidden costs or surprises.<\/p>\n\t\t\t\t<\/div>\n\t\t\t<\/div><\/div>\t\t\t\t<\/div>\n\t\t\t\t<\/div>\n\t\t\t\t<div class=\"elementor-element elementor-element-1b29ad2 animated-fast elementor-invisible elementor-widget elementor-widget-elementskit-breadcrumb\" data-id=\"1b29ad2\" data-element_type=\"widget\" data-settings=\"{&quot;_animation&quot;:&quot;fadeIn&quot;,&quot;_animation_delay&quot;:100,&quot;ekit_we_effect_on&quot;:&quot;none&quot;}\" data-widget_type=\"elementskit-breadcrumb.default\">\n\t\t\t\t<div class=\"elementor-widget-container\">\n\t\t\t\t\t<div class=\"ekit-wid-con\" ><ol class=\"ekit-breadcrumb\"><li class=\"ekit_breadcrumbs_start\"><a href=\"https:\/\/depannageluxembourg.lu\/en\/\">Home<\/a><\/li> <li class=\"brd_sep\"><span class=\"separate_icon\"><i class=\"fas fa-chevron-right\"><\/i><\/span><\/li>  <li>Pricing<\/li><\/ol><\/div>\t\t\t\t<\/div>\n\t\t\t\t<\/div>\n\t\t\t\t<\/div>\n\t\t\t\t\t<\/div>\n\t\t\t\t<\/div>\n\t\t<div class=\"elementor-element elementor-element-9151835 e-flex e-con-boxed e-con e-parent\" data-id=\"9151835\" data-element_type=\"container\">\n\t\t\t\t\t<div class=\"e-con-inner\">\n\t\t<div class=\"elementor-element elementor-element-477cb3e e-con-full e-flex e-con e-child\" data-id=\"477cb3e\" data-element_type=\"container\">\n\t\t<div class=\"elementor-element elementor-element-217df9e e-con-full e-flex e-con e-child\" data-id=\"217df9e\" data-element_type=\"container\">\n\t\t<div class=\"elementor-element elementor-element-6b853a1 e-con-full e-flex e-con e-child\" data-id=\"6b853a1\" data-element_type=\"container\">\n\t\t\t\t<div class=\"elementor-element elementor-element-62a6845 elementor-widget elementor-widget-elementskit-pricing\" data-id=\"62a6845\" data-element_type=\"widget\" data-settings=\"{&quot;ekit_we_effect_on&quot;:&quot;none&quot;}\" data-widget_type=\"elementskit-pricing.default\">\n\t\t\t\t<div class=\"elementor-widget-container\">\n\t\t\t\t\t<div class=\"ekit-wid-con\" >\n\n        <div class=\"elementskit-single-pricing d-flex flex-column\" >\n            <div class=\"elementskit-pricing-header order-2\">\n\t\t\t\t\t\t\t\t\n\t\t\t\t                \t<h4\t\t\t\t\tclass=\"elementskit-pricing-title\">Hourly rate\t\t\t\t\t<\/h4>\n\t\t\t\t\t\t\t\t                \t<p class=\"elementskit-pricing-subtitle\">Ce forfait s&#039;applique aux interventions classiques, avec une dur\u00e9e minimale d\u2019une heure. Pour les interventions en \u00e9lectricit\u00e9, plomberie ou autre, corps d\u2019\u00c9tat, un forfait s\u2019applique. Merci de nous contacter pour conna\u00eetre\u00a0les\u00a0tarifs.<\/p>\n\t\t\t\t            <\/div>\n\t\t\t            <div class=\"elementskit-pricing-price-wraper has-tag order-1\">\n                <div class=\"elementskit-pricing-tag\"><\/div>\n                <span class=\"elementskit-pricing-price\">\n\t\t\t\t\t\t\t\t\t\t\t<sup class=\"currency\">\u0404<\/sup>\n\t\t\t\t\t\t\t\t\t\t<span>90 HT<\/span>\n\t\t\t\t\t\n\t\t\t\t\t\t\t\t\t\t<sub class=\"period\">\/Hour<\/sub>\n\t\t\t\t\t\t\t\t\t<\/span>\n            <\/div>\n\t\t\t            <div class=\"elementskit-pricing-content order-3\">\n\n                                                    <ul class=\"elementskit-pricing-lists\">\n                        \t\t\t\t\t\t\t<li class=\"elementor-repeater-item-7812a8f\">\n\t\t\t\t\t\t\t\t<i aria-hidden=\"true\" class=\"icon icon-checkmark\"><\/i>\t\t\t\t\t\t\t\t\n\t\t\t\t\t\t\t\tStandard interventions\t\t\t\t\t\t\t\t\n\t\t\t\t\t\t\t\t\t\t\t\t\t\t\t<\/li>\n                        \t\t\t\t\t\t\t<li class=\"elementor-repeater-item-e839fa5\">\n\t\t\t\t\t\t\t\t<i aria-hidden=\"true\" class=\"icon icon-checkmark\"><\/i>\t\t\t\t\t\t\t\t\n\t\t\t\t\t\t\t\t Minimum billing period: 1 hour \t\t\t\t\t\t\t\t\n\t\t\t\t\t\t\t\t\t\t\t\t\t\t\t<\/li>\n                        \t\t\t\t\t\t\t<li class=\"elementor-repeater-item-0c3fc03\">\n\t\t\t\t\t\t\t\t<i aria-hidden=\"true\" class=\"icon icon-checkmark\"><\/i>\t\t\t\t\t\t\t\t\n\t\t\t\t\t\t\t\tMontage de meuble\t\t\t\t\t\t\t\t\n\t\t\t\t\t\t\t\t\t\t\t\t\t\t\t<\/li>\n                        \t\t\t\t\t\t\t<li class=\"elementor-repeater-item-fc11157\">\n\t\t\t\t\t\t\t\t<i aria-hidden=\"true\" class=\"icon icon-checkmark\"><\/i>\t\t\t\t\t\t\t\t\n\t\t\t\t\t\t\t\tPose d\u2019une \u00e9tag\u00e8re\t\t\t\t\t\t\t\t\n\t\t\t\t\t\t\t\t\t\t\t\t\t\t\t<\/li>\n                        \t\t\t\t\t\t\t<li class=\"elementor-repeater-item-4a62117\">\n\t\t\t\t\t\t\t\t<i aria-hidden=\"true\" class=\"icon icon-checkmark\"><\/i>\t\t\t\t\t\t\t\t\n\t\t\t\t\t\t\t\tPose d\u2019un\u00a0miroir\u00a0simple\t\t\t\t\t\t\t\t\n\t\t\t\t\t\t\t\t\t\t\t\t\t\t\t<\/li>\n                        \t\t\t\t\t\t\t<li class=\"elementor-repeater-item-d945bf6\">\n\t\t\t\t\t\t\t\t<i aria-hidden=\"true\" class=\"icon icon-checkmark\"><\/i>\t\t\t\t\t\t\t\t\n\t\t\t\t\t\t\t\tAdditional billing for every 30 minutes\t\t\t\t\t\t\t\t\n\t\t\t\t\t\t\t\t\t\t\t\t\t\t\t<\/li>\n                                            <\/ul>\n                            <\/div>\n            <div class=\"elementskit-pricing-btn-wraper order-4\">\n\t\t\t\t<a href=\"tel:33659109451\" class=\"elementskit-pricing-btn  ekit-pricing-btn-icon-pos-\" >\n\t\t\t\t\tCall us\t\t\t\t<\/a>\n            <\/div>\n        <\/div>\n\n    <\/div>\t\t\t\t<\/div>\n\t\t\t\t<\/div>\n\t\t\t\t<\/div>\n\t\t<div class=\"elementor-element elementor-element-9b2cfb2 e-con-full e-flex e-con e-child\" data-id=\"9b2cfb2\" data-element_type=\"container\">\n\t\t\t\t<div class=\"elementor-element elementor-element-ffc55a0 elementor-widget elementor-widget-elementskit-pricing\" data-id=\"ffc55a0\" data-element_type=\"widget\" data-settings=\"{&quot;ekit_we_effect_on&quot;:&quot;none&quot;}\" data-widget_type=\"elementskit-pricing.default\">\n\t\t\t\t<div class=\"elementor-widget-container\">\n\t\t\t\t\t<div class=\"ekit-wid-con\" >\n\n        <div class=\"elementskit-single-pricing d-flex flex-column\" >\n            <div class=\"elementskit-pricing-header order-2\">\n\t\t\t\t\t\t\t\t\n\t\t\t\t                \t<h4\t\t\t\t\tclass=\"elementskit-pricing-title\">Weekend and public holiday packages\t\t\t\t\t<\/h4>\n\t\t\t\t\t\t\t\t                \t<p class=\"elementskit-pricing-subtitle\">Services requested at weekends and on public holidays are available on a flat-rate basis. Don't hesitate to contact us for more information!<\/p>\n\t\t\t\t            <\/div>\n\t\t\t            <div class=\"elementskit-pricing-content order-3\">\n\n                                                    <ul class=\"elementskit-pricing-lists\">\n                        \t\t\t\t\t\t\t<li class=\"elementor-repeater-item-ee8e379\">\n\t\t\t\t\t\t\t\t<i aria-hidden=\"true\" class=\"icon icon-checkmark\"><\/i>\t\t\t\t\t\t\t\t\n\t\t\t\t\t\t\t\tInterventions available at weekends and on public holidays.\t\t\t\t\t\t\t\t\n\t\t\t\t\t\t\t\t\t\t\t\t\t\t\t<\/li>\n                        \t\t\t\t\t\t\t<li class=\"elementor-repeater-item-2743f14\">\n\t\t\t\t\t\t\t\t<i aria-hidden=\"true\" class=\"icon icon-checkmark\"><\/i>\t\t\t\t\t\t\t\t\n\t\t\t\t\t\t\t\tSpecial offers in the form of packages.\t\t\t\t\t\t\t\t\n\t\t\t\t\t\t\t\t\t\t\t\t\t\t\t<\/li>\n                                            <\/ul>\n                            <\/div>\n            <div class=\"elementskit-pricing-btn-wraper order-4\">\n\t\t\t\t<a href=\"https:\/\/depannageluxembourg.lu\/en\/contact\/\" class=\"elementskit-pricing-btn  ekit-pricing-btn-icon-pos-\" >\n\t\t\t\t\tContact us\t\t\t\t<\/a>\n            <\/div>\n        <\/div>\n\n    <\/div>\t\t\t\t<\/div>\n\t\t\t\t<\/div>\n\t\t\t\t<\/div>\n\t\t<div class=\"elementor-element elementor-element-3c72f8b e-con-full e-flex e-con e-child\" data-id=\"3c72f8b\" data-element_type=\"container\">\n\t\t\t\t<div class=\"elementor-element elementor-element-f21ff46 elementor-widget elementor-widget-elementskit-pricing\" data-id=\"f21ff46\" data-element_type=\"widget\" data-settings=\"{&quot;ekit_we_effect_on&quot;:&quot;none&quot;}\" data-widget_type=\"elementskit-pricing.default\">\n\t\t\t\t<div class=\"elementor-widget-container\">\n\t\t\t\t\t<div class=\"ekit-wid-con\" >\n\n        <div class=\"elementskit-single-pricing d-flex flex-column\" >\n            <div class=\"elementskit-pricing-header order-2\">\n\t\t\t\t\t\t\t\t\n\t\t\t\t                \t<h4\t\t\t\t\tclass=\"elementskit-pricing-title\">Large-scale projects\t\t\t\t\t<\/h4>\n\t\t\t\t\t\t\t\t                \t<p class=\"elementskit-pricing-subtitle\">If you have several interventions or jobs to carry out that require half a day, a day, or even more, we are at your disposal. Don't hesitate to contact us to discuss your needs and obtain a personalized quote that will perfectly match your project. <\/p>\n\t\t\t\t            <\/div>\n\t\t\t            <div class=\"elementskit-pricing-content order-3\">\n\n                                                    <ul class=\"elementskit-pricing-lists\">\n                        \t\t\t\t\t\t\t<li class=\"elementor-repeater-item-fe3157f\">\n\t\t\t\t\t\t\t\t<i aria-hidden=\"true\" class=\"icon icon-checkmark\"><\/i>\t\t\t\t\t\t\t\t\n\t\t\t\t\t\t\t\tWe're here to help you plan and realize your projects efficiently.\t\t\t\t\t\t\t\t\n\t\t\t\t\t\t\t\t\t\t\t\t\t\t\t<\/li>\n                                            <\/ul>\n                            <\/div>\n            <div class=\"elementskit-pricing-btn-wraper order-4\">\n\t\t\t\t<a href=\"https:\/\/depannageluxembourg.lu\/en\/demande-devis\/\" class=\"elementskit-pricing-btn  ekit-pricing-btn-icon-pos-\" >\n\t\t\t\t\tRequest a Quote\t\t\t\t<\/a>\n            <\/div>\n        <\/div>\n\n    <\/div>\t\t\t\t<\/div>\n\t\t\t\t<\/div>\n\t\t\t\t<\/div>\n\t\t\t\t<\/div>\n\t\t\t\t<\/div>\n\t\t\t\t\t<\/div>\n\t\t\t\t<\/div>\n\t\t<div class=\"elementor-element elementor-element-b3bd43e e-con-full e-flex e-con e-parent\" data-id=\"b3bd43e\" data-element_type=\"container\">\n\t\t<div class=\"elementor-element elementor-element-4577308 e-con-full e-flex e-con e-child\" data-id=\"4577308\" data-element_type=\"container\" data-settings=\"{&quot;background_background&quot;:&quot;classic&quot;}\">\n\t\t<div class=\"elementor-element elementor-element-cdf08e7 e-con-full e-flex e-con e-child\" data-id=\"cdf08e7\" data-element_type=\"container\" data-settings=\"{&quot;background_background&quot;:&quot;classic&quot;}\">\n\t\t<div class=\"elementor-element elementor-element-ce49fe8 e-con-full e-flex e-con e-child\" data-id=\"ce49fe8\" data-element_type=\"container\">\n\t\t\t\t<div class=\"elementor-element elementor-element-9c5c9f3 animated-fast elementor-invisible elementor-widget elementor-widget-elementskit-heading\" data-id=\"9c5c9f3\" data-element_type=\"widget\" data-settings=\"{&quot;_animation&quot;:&quot;fadeIn&quot;,&quot;_animation_delay&quot;:100,&quot;ekit_we_effect_on&quot;:&quot;css&quot;}\" data-widget_type=\"elementskit-heading.default\">\n\t\t\t\t<div class=\"elementor-widget-container\">\n\t\t\t\t\t<div class=\"ekit-wid-con\" ><div class=\"ekit-heading elementskit-section-title-wraper text_center   ekit_heading_tablet-   ekit_heading_mobile-text_left\"><h6 class=\"elementskit-section-subtitle   ekit-heading__subtitle-has-border\">\n\t\t\t\t\t\tSimplify your repairs\n\t\t\t\t\t<\/h6><h2 class=\"ekit-heading--title elementskit-section-title\">Plan your major projects by  <span><span>Simplicity<\/span><\/span> <\/h2>\t\t\t\t<div class='ekit-heading__description'>\n\t\t\t\t\t<p>You can easily request quotes by contacting us, and our team will provide you with precise estimates tailored to your needs.<\/p>\n\t\t\t\t<\/div>\n\t\t\t<\/div><\/div>\t\t\t\t<\/div>\n\t\t\t\t<\/div>\n\t\t<div class=\"elementor-element elementor-element-026d16a e-flex e-con-boxed e-con e-child\" data-id=\"026d16a\" data-element_type=\"container\">\n\t\t\t\t\t<div class=\"e-con-inner\">\n\t\t\t\t<div class=\"elementor-element elementor-element-505bb59 elementor-align-left animated-fast elementor-invisible elementor-widget elementor-widget-elementskit-button\" data-id=\"505bb59\" data-element_type=\"widget\" data-settings=\"{&quot;_animation&quot;:&quot;pulse&quot;,&quot;_animation_delay&quot;:200,&quot;ekit_we_effect_on&quot;:&quot;none&quot;}\" data-widget_type=\"elementskit-button.default\">\n\t\t\t\t<div class=\"elementor-widget-container\">\n\t\t\t\t\t<div class=\"ekit-wid-con\" >\t\t<div class=\"ekit-btn-wraper\">\n\t\t\t\t\t\t\t<a href=\"https:\/\/depannageluxembourg.lu\/en\/demande-devis\/\" class=\"elementskit-btn  whitespace--normal\" id=\"\">\n\t\t\t\t\tRequest a Quote<i class=\"icon icon-right-arrow\"><\/i>\t\t\t\t<\/a>\n\t\t\t\t\t<\/div>\n        <\/div>\t\t\t\t<\/div>\n\t\t\t\t<\/div>\n\t\t\t\t\t<\/div>\n\t\t\t\t<\/div>\n\t\t\t\t<\/div>\n\t\t\t\t<\/div>\n\t\t\t\t<\/div>\n\t\t\t\t<\/div>\n\t\t\t\t<\/div>","protected":false},"excerpt":{"rendered":"<p>Nos tarifs d&rsquo;intervention Nous vous pr\u00e9sentons nos tarifs en toute transparence : nous facturons uniquement au temps pass\u00e9. Cela signifie que vous ne payez que pour le service rendu, sans frais cach\u00e9s ni surprises. Home Tarif Horaire Ce forfait s&#039;applique aux interventions classiques, avec une dur\u00e9e minimale d\u2019une heure. Pour les interventions en \u00e9lectricit\u00e9, plomberie [&hellip;]<\/p>","protected":false},"author":1,"featured_media":0,"parent":0,"menu_order":0,"comment_status":"closed","ping_status":"closed","template":"","meta":{"footnotes":""},"class_list":["post-26336","page","type-page","status-publish","hentry"],"aioseo_notices":[],"_links":{"self":[{"href":"https:\/\/depannageluxembourg.lu\/en\/wp-json\/wp\/v2\/pages\/26336","targetHints":{"allow":["GET"]}}],"collection":[{"href":"https:\/\/depannageluxembourg.lu\/en\/wp-json\/wp\/v2\/pages"}],"about":[{"href":"https:\/\/depannageluxembourg.lu\/en\/wp-json\/wp\/v2\/types\/page"}],"author":[{"embeddable":true,"href":"https:\/\/depannageluxembourg.lu\/en\/wp-json\/wp\/v2\/users\/1"}],"replies":[{"embeddable":true,"href":"https:\/\/depannageluxembourg.lu\/en\/wp-json\/wp\/v2\/comments?post=26336"}],"version-history":[{"count":46,"href":"https:\/\/depannageluxembourg.lu\/en\/wp-json\/wp\/v2\/pages\/26336\/revisions"}],"predecessor-version":[{"id":28067,"href":"https:\/\/depannageluxembourg.lu\/en\/wp-json\/wp\/v2\/pages\/26336\/revisions\/28067"}],"wp:attachment":[{"href":"https:\/\/depannageluxembourg.lu\/en\/wp-json\/wp\/v2\/media?parent=26336"}],"curies":[{"name":"wp","href":"https:\/\/api.w.org\/{rel}","templated":true}]}}