{"id":26996,"date":"2024-06-19T13:02:57","date_gmt":"2024-06-19T13:02:57","guid":{"rendered":"https:\/\/worktop.keydesign.xyz\/plumbing\/?page_id=26330"},"modified":"2024-11-11T09:34:52","modified_gmt":"2024-11-11T09:34:52","slug":"mentions-legales","status":"publish","type":"page","link":"https:\/\/depannageluxembourg.lu\/en\/mentions-legales\/","title":{"rendered":"Terms of use"},"content":{"rendered":"<div data-elementor-type=\"wp-page\" data-elementor-id=\"26996\" class=\"elementor elementor-26996\">\n\t\t\t\t<div class=\"elementor-element elementor-element-f9a9768 e-flex e-con-boxed e-con e-parent\" data-id=\"f9a9768\" data-element_type=\"container\" data-settings=\"{&quot;background_background&quot;:&quot;classic&quot;}\">\n\t\t\t\t\t<div class=\"e-con-inner\">\n\t\t<div class=\"elementor-element elementor-element-3085a00 e-con-full e-flex e-con e-child\" data-id=\"3085a00\" data-element_type=\"container\">\n\t\t\t\t<div class=\"elementor-element elementor-element-7d533d6 elementor-widget elementor-widget-elementskit-heading\" data-id=\"7d533d6\" data-element_type=\"widget\" data-settings=\"{&quot;ekit_we_effect_on&quot;:&quot;css&quot;}\" data-widget_type=\"elementskit-heading.default\">\n\t\t\t\t<div class=\"elementor-widget-container\">\n\t\t\t\t\t<div class=\"ekit-wid-con\" ><div class=\"ekit-heading elementskit-section-title-wraper text_left   ekit_heading_tablet-   ekit_heading_mobile-\"><h1 class=\"ekit-heading--title elementskit-section-title\">Terms of use<\/h1><\/div><\/div>\t\t\t\t<\/div>\n\t\t\t\t<\/div>\n\t\t\t\t<\/div>\n\t\t\t\t\t<\/div>\n\t\t\t\t<\/div>\n\t\t<div class=\"elementor-element elementor-element-7dcdc5e e-flex e-con-boxed e-con e-parent\" data-id=\"7dcdc5e\" data-element_type=\"container\" data-settings=\"{&quot;animation&quot;:&quot;none&quot;}\">\n\t\t\t\t\t<div class=\"e-con-inner\">\n\t\t<div class=\"elementor-element elementor-element-1f2de60 e-con-full e-flex e-con e-child\" data-id=\"1f2de60\" data-element_type=\"container\">\n\t\t<div class=\"elementor-element elementor-element-c8b246a e-con-full sticky-section e-flex e-con e-child\" data-id=\"c8b246a\" data-element_type=\"container\" id=\"section1\">\n\t\t<div class=\"elementor-element elementor-element-a44dc11 e-con-full e-flex e-con e-child\" data-id=\"a44dc11\" data-element_type=\"container\">\n\t\t\t\t<div class=\"elementor-element elementor-element-4008f19 elementor-widget elementor-widget-text-editor\" data-id=\"4008f19\" data-element_type=\"widget\" data-settings=\"{&quot;ekit_we_effect_on&quot;:&quot;none&quot;}\" data-widget_type=\"text-editor.default\">\n\t\t\t\t<div class=\"elementor-widget-container\">\n\t\t\t\t\t\t\t\t\t<p class=\"p1\"><b>Site editor :<\/b><\/p><p class=\"p1\">Company name: D\u00e9pannage Luxembourg<\/p><p class=\"p1\">Legal status :<\/p><p class=\"p1\">Address: 19 street of industry, L-8069 Bertrange, Luxembourg<\/p><p class=\"p1\">Phone number: <a href=\"https:\/\/depannageluxembourg.lu\/en\/contact\/\">+ 35 26 21 67 82 50<\/a><\/p><p class=\"p1\">Email: contact@depannageluxembourg.lu<\/p><p class=\"p1\">SIRET :<\/p><p class=\"p1\">TRADE REGISTER :<\/p><p class=\"p1\">Share capital :<\/p><p class=\"p1\">VAT number :<\/p><p class=\"p1\">Publication manager: OG Communication SARL<\/p><p class=\"p1\"><b>Editorial Manager :<\/b><\/p><p class=\"p1\">OG Communication SARL : <b>External communications agency<\/b><\/p><p class=\"p1\"><b>Site host :\u00a0<\/b><\/p><p class=\"p1\">Nom de l\u2019h\u00e9bergeur : Hostinger<\/p><p class=\"p1\">Hostinger International Ltd.<\/p><p class=\"p1\">61 Lordou Vironos Street, 6023<\/p><p class=\"p1\"><b>Intellectual Property :\u00a0<\/b><\/p><p class=\"p1\">This site and its contents are the exclusive property of D\u00e9pannage Luxembourg and are protected by French and international intellectual property laws. Any reproduction, representation, modification, publication, adaptation of all or part of the elements of the site, whatever the means or process used, is forbidden without the prior written authorization of D\u00e9pannage Luxembourg.<\/p><p class=\"p1\"><b>Collection of personal data :\u00a0<\/b><\/p><p class=\"p1\">The personal data collected on this site is intended for D\u00e9pannage Luxembourg in order to send you an estimate, a commercial brochure, a service contract at your request. They are kept for 24 months. In accordance with the French Data Protection Act of January 6, 1978, as amended, and the General Data Protection Regulation (RGPD), you have the right to access, rectify, port, delete or limit the processing of your personal data. You can exercise these rights by contacting D\u00e9pannage Luxembourg at contact@depannageluxembourg.lu<\/p><p class=\"p1\"><b>Cookies :\u00a0<\/b><\/p><p class=\"p1\">This site uses cookies to improve the user experience. By browsing this site, you accept the use of these cookies. However, you can configure your browser to refuse the installation of these cookies.\u00a0<\/p><p class=\"p1\"><b>External links :\u00a0<\/b><\/p><p class=\"p1\">This site may contain links to third-party sites. D\u00e9pannage Luxembourg is not responsible for the content of these external sites, nor for any damage that may result from their use.<\/p><p class=\"p1\"><b>Limitation of liability :\u00a0<\/b><\/p><p class=\"p1\">D\u00e9pannage Luxembourg cannot be held responsible for any direct or indirect damage resulting from the use of this site or from the impossibility of accessing it.<\/p><p class=\"p1\"><b>Applicable law :\u00a0<\/b><\/p><p class=\"p1\">This site is subject to Luxembourg law. Any dispute arising out of or in connection with the use of this site shall be subject to the exclusive jurisdiction of the Luxembourg courts.<\/p>\t\t\t\t\t\t\t\t<\/div>\n\t\t\t\t<\/div>\n\t\t\t\t<\/div>\n\t\t\t\t<\/div>\n\t\t\t\t<\/div>\n\t\t\t\t\t<\/div>\n\t\t\t\t<\/div>\n\t\t\t\t<\/div>","protected":false},"excerpt":{"rendered":"<p>Mentions L\u00e9gales \u00c9diteur du site : Raison Sociale : D\u00e9pannage Luxembourg Statut juridique : Adresse : 19 rue de l\u2019industrie, L-8069 Bertrange,Luxembourg Num\u00e9ro de t\u00e9l\u00e9phone: + 35 26 21 67 82 50 Email: contact@depannageluxembourg.lu SIRET : RCS : Capital social : Num\u00e9ro de TVA : Directeur de la publication : OG Communication SARL Responsable \u00c9ditorial [&hellip;]<\/p>","protected":false},"author":1,"featured_media":0,"parent":0,"menu_order":0,"comment_status":"closed","ping_status":"closed","template":"","meta":{"footnotes":""},"class_list":["post-26996","page","type-page","status-publish","hentry"],"aioseo_notices":[],"_links":{"self":[{"href":"https:\/\/depannageluxembourg.lu\/en\/wp-json\/wp\/v2\/pages\/26996","targetHints":{"allow":["GET"]}}],"collection":[{"href":"https:\/\/depannageluxembourg.lu\/en\/wp-json\/wp\/v2\/pages"}],"about":[{"href":"https:\/\/depannageluxembourg.lu\/en\/wp-json\/wp\/v2\/types\/page"}],"author":[{"embeddable":true,"href":"https:\/\/depannageluxembourg.lu\/en\/wp-json\/wp\/v2\/users\/1"}],"replies":[{"embeddable":true,"href":"https:\/\/depannageluxembourg.lu\/en\/wp-json\/wp\/v2\/comments?post=26996"}],"version-history":[{"count":7,"href":"https:\/\/depannageluxembourg.lu\/en\/wp-json\/wp\/v2\/pages\/26996\/revisions"}],"predecessor-version":[{"id":27485,"href":"https:\/\/depannageluxembourg.lu\/en\/wp-json\/wp\/v2\/pages\/26996\/revisions\/27485"}],"wp:attachment":[{"href":"https:\/\/depannageluxembourg.lu\/en\/wp-json\/wp\/v2\/media?parent=26996"}],"curies":[{"name":"wp","href":"https:\/\/api.w.org\/{rel}","templated":true}]}}