{"id":26996,"date":"2024-06-19T13:02:57","date_gmt":"2024-06-19T13:02:57","guid":{"rendered":"https:\/\/worktop.keydesign.xyz\/plumbing\/?page_id=26330"},"modified":"2024-11-11T09:34:52","modified_gmt":"2024-11-11T09:34:52","slug":"mentions-legales","status":"publish","type":"page","link":"https:\/\/depannageluxembourg.lu\/en_us\/mentions-legales\/","title":{"rendered":"Mentions L\u00e9gales"},"content":{"rendered":"<div data-elementor-type=\"wp-page\" data-elementor-id=\"26996\" class=\"elementor elementor-26996\">\n\t\t\t\t<div class=\"elementor-element elementor-element-f9a9768 e-flex e-con-boxed e-con e-parent\" data-id=\"f9a9768\" data-element_type=\"container\" data-settings=\"{&quot;background_background&quot;:&quot;classic&quot;}\">\n\t\t\t\t\t<div class=\"e-con-inner\">\n\t\t<div class=\"elementor-element elementor-element-3085a00 e-con-full e-flex e-con e-child\" data-id=\"3085a00\" data-element_type=\"container\">\n\t\t\t\t<div class=\"elementor-element elementor-element-7d533d6 elementor-widget elementor-widget-elementskit-heading\" data-id=\"7d533d6\" data-element_type=\"widget\" data-settings=\"{&quot;ekit_we_effect_on&quot;:&quot;css&quot;}\" data-widget_type=\"elementskit-heading.default\">\n\t\t\t\t<div class=\"elementor-widget-container\">\n\t\t\t\t\t<div class=\"ekit-wid-con\" ><div class=\"ekit-heading elementskit-section-title-wraper text_left   ekit_heading_tablet-   ekit_heading_mobile-\"><h1 class=\"ekit-heading--title elementskit-section-title\">Mentions L\u00e9gales<\/h1><\/div><\/div>\t\t\t\t<\/div>\n\t\t\t\t<\/div>\n\t\t\t\t<\/div>\n\t\t\t\t\t<\/div>\n\t\t\t\t<\/div>\n\t\t<div class=\"elementor-element elementor-element-7dcdc5e e-flex e-con-boxed e-con e-parent\" data-id=\"7dcdc5e\" data-element_type=\"container\" data-settings=\"{&quot;animation&quot;:&quot;none&quot;}\">\n\t\t\t\t\t<div class=\"e-con-inner\">\n\t\t<div class=\"elementor-element elementor-element-1f2de60 e-con-full e-flex e-con e-child\" data-id=\"1f2de60\" data-element_type=\"container\">\n\t\t<div class=\"elementor-element elementor-element-c8b246a e-con-full sticky-section e-flex e-con e-child\" data-id=\"c8b246a\" data-element_type=\"container\" id=\"section1\">\n\t\t<div class=\"elementor-element elementor-element-a44dc11 e-con-full e-flex e-con e-child\" data-id=\"a44dc11\" data-element_type=\"container\">\n\t\t\t\t<div class=\"elementor-element elementor-element-4008f19 elementor-widget elementor-widget-text-editor\" data-id=\"4008f19\" data-element_type=\"widget\" data-settings=\"{&quot;ekit_we_effect_on&quot;:&quot;none&quot;}\" data-widget_type=\"text-editor.default\">\n\t\t\t\t<div class=\"elementor-widget-container\">\n\t\t\t\t\t\t\t\t\t<p class=\"p1\"><b>\u00c9diteur du site :<\/b><\/p><p class=\"p1\">Raison Sociale : D\u00e9pannage Luxembourg<\/p><p class=\"p1\">Statut juridique :<\/p><p class=\"p1\">Adresse : 19 rue de l\u2019industrie, L-8069 Bertrange,Luxembourg<\/p><p class=\"p1\">Num\u00e9ro de t\u00e9l\u00e9phone: <a href=\"https:\/\/depannageluxembourg.lu\/en_us\/contact\/\">+ 35 26 21 67 82 50<\/a><\/p><p class=\"p1\">Email: contact@depannageluxembourg.lu<\/p><p class=\"p1\">SIRET :<\/p><p class=\"p1\">RCS :<\/p><p class=\"p1\">Capital social :<\/p><p class=\"p1\">Num\u00e9ro de TVA :<\/p><p class=\"p1\">Directeur de la publication : OG Communication SARL<\/p><p class=\"p1\"><b>Responsable \u00c9ditorial :<\/b><\/p><p class=\"p1\">OG Communication SARL : <b>Agence de communication externe<\/b><\/p><p class=\"p1\"><b>H\u00e9bergeur du site :\u00a0<\/b><\/p><p class=\"p1\">Nom de l\u2019h\u00e9bergeur : Hostinger<\/p><p class=\"p1\">Hostinger International Ltd.<\/p><p class=\"p1\">61 Rue Lordou Vironos, 6023<\/p><p class=\"p1\"><b>Propri\u00e9t\u00e9 Intellectuelle :\u00a0<\/b><\/p><p class=\"p1\">Ce site et son contenu sont la propri\u00e9t\u00e9 exclusive de D\u00e9pannage Luxembourg et sont prot\u00e9g\u00e9s par les lois fran\u00e7aises et internationales sur la propri\u00e9t\u00e9 intellectuelle. Toute reproduction, repr\u00e9sentation, modification, publication, adaptation de tout ou partie des \u00e9l\u00e9ments du site, quel que soit le moyen ou le proc\u00e9d\u00e9 utilis\u00e9, est interdite sans autorisation pr\u00e9alable \u00e9crite de D\u00e9pannage Luxembourg.<\/p><p class=\"p1\"><b>Collecte de donn\u00e9es personnelles :\u00a0<\/b><\/p><p class=\"p1\">Les donn\u00e9es personnelles collect\u00e9es sur ce site sont destin\u00e9es \u00e0 D\u00e9pannage Luxembourg dans le but de vous envoyer un devis, une plaquette commerciale, un contrat de prestation \u00e0 votre demande.. Elles sont conserv\u00e9es pendant 24 mois. Conform\u00e9ment \u00e0 la loi \u00ab Informatique et Libert\u00e9s \u00bb du 6 janvier 1978 modifi\u00e9e et au R\u00e8glement G\u00e9n\u00e9ral sur la Protection des Donn\u00e9es (RGPD), vous disposez d\u2019un droit d\u2019acc\u00e8s, de rectification, de portabilit\u00e9, d\u2019effacement de vos donn\u00e9es personnelles ou une limitation du traitement. Vous pouvez exercer ces droits en contactant D\u00e9pannage Luxembourg \u00e0 l\u2019adresse contact@depannageluxembourg.lu<\/p><p class=\"p1\"><b>Cookies :\u00a0<\/b><\/p><p class=\"p1\">Ce site utilise des cookies pour am\u00e9liorer l\u2019exp\u00e9rience utilisateur. En naviguant sur ce site, vous acceptez l\u2019utilisation de ces cookies. Vous pouvez toutefois configurer votre navigateur pour refuser l\u2019installation de ces cookies.\u00a0<\/p><p class=\"p1\"><b>Liens Externes :\u00a0<\/b><\/p><p class=\"p1\">Ce site peut contenir des liens vers des sites tiers. D\u00e9pannage Luxembourg n\u2019est pas responsable du contenu de ces sites externes ni des \u00e9ventuels dommages pouvant r\u00e9sulter de leur utilisation.<\/p><p class=\"p1\"><b>Limitation de responsabilit\u00e9 :\u00a0<\/b><\/p><p class=\"p1\">D\u00e9pannage Luxembourg ne peut \u00eatre tenue responsable des dommages directs ou indirects r\u00e9sultant de l\u2019utilisation de ce site ou de l\u2019impossibilit\u00e9 d\u2019y acc\u00e9der.<\/p><p class=\"p1\"><b>Droit applicable :\u00a0<\/b><\/p><p class=\"p1\">Le pr\u00e9sent site est soumis au droit luxembourgeois. Tout litige relatif \u00e0 l\u2019utilisation de ce site sera de la comp\u00e9tence exclusive des tribunaux luxembourgeois.<\/p>\t\t\t\t\t\t\t\t<\/div>\n\t\t\t\t<\/div>\n\t\t\t\t<\/div>\n\t\t\t\t<\/div>\n\t\t\t\t<\/div>\n\t\t\t\t\t<\/div>\n\t\t\t\t<\/div>\n\t\t\t\t<\/div>","protected":false},"excerpt":{"rendered":"<p>Mentions L\u00e9gales \u00c9diteur du site : Raison Sociale : D\u00e9pannage Luxembourg Statut juridique : Adresse : 19 rue de l\u2019industrie, L-8069 Bertrange,Luxembourg Num\u00e9ro de t\u00e9l\u00e9phone: + 35 26 21 67 82 50 Email: contact@depannageluxembourg.lu SIRET : RCS : Capital social : Num\u00e9ro de TVA : Directeur de la publication : OG Communication SARL Responsable \u00c9ditorial [&hellip;]<\/p>","protected":false},"author":1,"featured_media":0,"parent":0,"menu_order":0,"comment_status":"closed","ping_status":"closed","template":"","meta":{"footnotes":""},"class_list":["post-26996","page","type-page","status-publish","hentry"],"aioseo_notices":[],"_links":{"self":[{"href":"https:\/\/depannageluxembourg.lu\/en_us\/wp-json\/wp\/v2\/pages\/26996","targetHints":{"allow":["GET"]}}],"collection":[{"href":"https:\/\/depannageluxembourg.lu\/en_us\/wp-json\/wp\/v2\/pages"}],"about":[{"href":"https:\/\/depannageluxembourg.lu\/en_us\/wp-json\/wp\/v2\/types\/page"}],"author":[{"embeddable":true,"href":"https:\/\/depannageluxembourg.lu\/en_us\/wp-json\/wp\/v2\/users\/1"}],"replies":[{"embeddable":true,"href":"https:\/\/depannageluxembourg.lu\/en_us\/wp-json\/wp\/v2\/comments?post=26996"}],"version-history":[{"count":7,"href":"https:\/\/depannageluxembourg.lu\/en_us\/wp-json\/wp\/v2\/pages\/26996\/revisions"}],"predecessor-version":[{"id":27485,"href":"https:\/\/depannageluxembourg.lu\/en_us\/wp-json\/wp\/v2\/pages\/26996\/revisions\/27485"}],"wp:attachment":[{"href":"https:\/\/depannageluxembourg.lu\/en_us\/wp-json\/wp\/v2\/media?parent=26996"}],"curies":[{"name":"wp","href":"https:\/\/api.w.org\/{rel}","templated":true}]}}