{"id":26997,"date":"2024-06-19T13:03:13","date_gmt":"2024-06-19T13:03:13","guid":{"rendered":"https:\/\/worktop.keydesign.xyz\/plumbing\/?page_id=26334"},"modified":"2024-11-12T12:19:26","modified_gmt":"2024-11-12T12:19:26","slug":"bricolage-luxembourg","status":"publish","type":"page","link":"https:\/\/depannageluxembourg.lu\/en_us\/bricolage-luxembourg\/","title":{"rendered":"\u00c0 Propos"},"content":{"rendered":"<div data-elementor-type=\"wp-page\" data-elementor-id=\"26997\" class=\"elementor elementor-26997\">\n\t\t\t\t<div class=\"elementor-element elementor-element-baac539 e-flex e-con-boxed e-con e-parent\" data-id=\"baac539\" data-element_type=\"container\" data-settings=\"{&quot;background_background&quot;:&quot;classic&quot;}\">\n\t\t\t\t\t<div class=\"e-con-inner\">\n\t\t<div class=\"elementor-element elementor-element-10920f7 e-con-full e-flex e-con e-child\" data-id=\"10920f7\" data-element_type=\"container\">\n\t\t\t\t<div class=\"elementor-element elementor-element-b9a6fa2 animated-fast elementor-invisible elementor-widget elementor-widget-elementskit-heading\" data-id=\"b9a6fa2\" data-element_type=\"widget\" data-settings=\"{&quot;_animation&quot;:&quot;fadeIn&quot;,&quot;_animation_delay&quot;:100,&quot;ekit_we_effect_on&quot;:&quot;css&quot;}\" data-widget_type=\"elementskit-heading.default\">\n\t\t\t\t<div class=\"elementor-widget-container\">\n\t\t\t\t\t<div class=\"ekit-wid-con\" ><div class=\"ekit-heading elementskit-section-title-wraper text_center   ekit_heading_tablet-   ekit_heading_mobile-text_center\"><h1 class=\"ekit-heading--title elementskit-section-title\">L'Art de r\u00e9parer, la passion de servir<\/h1>\t\t\t\t<div class='ekit-heading__description'>\n\t\t\t\t\t<p>Chez SOS House, nous allions savoir-faire et passion pour transformer vos besoins en solutions durables et efficaces.<\/p>\n\t\t\t\t<\/div>\n\t\t\t<\/div><\/div>\t\t\t\t<\/div>\n\t\t\t\t<\/div>\n\t\t\t\t<div class=\"elementor-element elementor-element-eea5fe8 animated-fast elementor-invisible elementor-widget elementor-widget-elementskit-breadcrumb\" data-id=\"eea5fe8\" data-element_type=\"widget\" data-settings=\"{&quot;_animation&quot;:&quot;fadeIn&quot;,&quot;_animation_delay&quot;:200,&quot;ekit_we_effect_on&quot;:&quot;none&quot;}\" data-widget_type=\"elementskit-breadcrumb.default\">\n\t\t\t\t<div class=\"elementor-widget-container\">\n\t\t\t\t\t<div class=\"ekit-wid-con\" ><ol class=\"ekit-breadcrumb\"><li class=\"ekit_breadcrumbs_start\"><a href=\"https:\/\/depannageluxembourg.lu\/en_us\/\">Accueil<\/a><\/li> <li class=\"brd_sep\"><span class=\"separate_icon\"><i class=\"fas fa-chevron-right\"><\/i><\/span><\/li>  <li>\u00c0 Propos<\/li><\/ol><\/div>\t\t\t\t<\/div>\n\t\t\t\t<\/div>\n\t\t\t\t<\/div>\n\t\t\t\t\t<\/div>\n\t\t\t\t<\/div>\n\t\t<div class=\"elementor-element elementor-element-76de555 e-flex e-con-boxed e-con e-parent\" data-id=\"76de555\" data-element_type=\"container\" data-settings=\"{&quot;background_background&quot;:&quot;classic&quot;}\">\n\t\t\t\t\t<div class=\"e-con-inner\">\n\t\t<div class=\"elementor-element elementor-element-0376f0d e-con-full animated-fast e-flex elementor-invisible e-con e-child\" data-id=\"0376f0d\" data-element_type=\"container\" data-settings=\"{&quot;background_background&quot;:&quot;classic&quot;,&quot;animation&quot;:&quot;fadeInUp&quot;,&quot;animation_delay&quot;:100}\">\n\t\t\t\t<div class=\"elementor-element elementor-element-b42da38 elementor-widget elementor-widget-image\" data-id=\"b42da38\" data-element_type=\"widget\" data-settings=\"{&quot;ekit_we_effect_on&quot;:&quot;none&quot;}\" data-widget_type=\"image.default\">\n\t\t\t\t<div class=\"elementor-widget-container\">\n\t\t\t\t\t\t\t\t\t\t\t\t\t\t\t<img fetchpriority=\"high\" decoding=\"async\" width=\"2560\" height=\"2560\" src=\"https:\/\/depannageluxembourg.lu\/wp-content\/uploads\/2024\/10\/man-is-working-tile-floor-with-yellow-toy-truck-scaled.jpg\" class=\"attachment-full size-full wp-image-27251\" alt=\"\" srcset=\"https:\/\/depannageluxembourg.lu\/wp-content\/uploads\/2024\/10\/man-is-working-tile-floor-with-yellow-toy-truck-scaled.jpg 2560w, https:\/\/depannageluxembourg.lu\/wp-content\/uploads\/2024\/10\/man-is-working-tile-floor-with-yellow-toy-truck-300x300.jpg 300w, https:\/\/depannageluxembourg.lu\/wp-content\/uploads\/2024\/10\/man-is-working-tile-floor-with-yellow-toy-truck-1024x1024.jpg 1024w, https:\/\/depannageluxembourg.lu\/wp-content\/uploads\/2024\/10\/man-is-working-tile-floor-with-yellow-toy-truck-150x150.jpg 150w, https:\/\/depannageluxembourg.lu\/wp-content\/uploads\/2024\/10\/man-is-working-tile-floor-with-yellow-toy-truck-768x768.jpg 768w, https:\/\/depannageluxembourg.lu\/wp-content\/uploads\/2024\/10\/man-is-working-tile-floor-with-yellow-toy-truck-1536x1536.jpg 1536w, https:\/\/depannageluxembourg.lu\/wp-content\/uploads\/2024\/10\/man-is-working-tile-floor-with-yellow-toy-truck-2048x2048.jpg 2048w, https:\/\/depannageluxembourg.lu\/wp-content\/uploads\/2024\/10\/man-is-working-tile-floor-with-yellow-toy-truck-710x710.jpg 710w\" sizes=\"(max-width: 2560px) 100vw, 2560px\" \/>\t\t\t\t\t\t\t\t\t\t\t\t\t\t\t<\/div>\n\t\t\t\t<\/div>\n\t\t\t\t<\/div>\n\t\t<div class=\"elementor-element elementor-element-4d76c7f e-con-full e-flex e-con e-child\" data-id=\"4d76c7f\" data-element_type=\"container\">\n\t\t\t\t<div class=\"elementor-element elementor-element-2c6d81a animated-fast elementor-widget__width-initial elementor-invisible elementor-widget elementor-widget-elementskit-heading\" data-id=\"2c6d81a\" data-element_type=\"widget\" data-settings=\"{&quot;_animation&quot;:&quot;fadeIn&quot;,&quot;_animation_delay&quot;:200,&quot;ekit_we_effect_on&quot;:&quot;none&quot;}\" data-widget_type=\"elementskit-heading.default\">\n\t\t\t\t<div class=\"elementor-widget-container\">\n\t\t\t\t\t<div class=\"ekit-wid-con\" ><div class=\"ekit-heading elementskit-section-title-wraper text_left   ekit_heading_tablet-   ekit_heading_mobile-\"><h6 class=\"elementskit-section-subtitle\">\n\t\t\t\t\t\tQui sommes-nous?\n\t\t\t\t\t<\/h6><h2 class=\"ekit-heading--title elementskit-section-title\">Des Experts en Interventions<\/h2>\t\t\t\t<div class='ekit-heading__description'>\n\t\t\t\t\t<p>Forts de plusieurs ann\u00e9es d'exp\u00e9rience dans le domaine du d\u00e9pannage et des r\u00e9parations, nous nous engageons \u00e0 fournir un service de qualit\u00e9 \u00e0 nos clients.\u00a0<\/p>\n\t\t\t\t<\/div>\n\t\t\t<\/div><\/div>\t\t\t\t<\/div>\n\t\t\t\t<\/div>\n\t\t<div class=\"elementor-element elementor-element-25b1e68 e-con-full e-flex e-con e-child\" data-id=\"25b1e68\" data-element_type=\"container\">\n\t\t\t\t<div class=\"elementor-element elementor-element-38dce8d animated-fast elementor-widget__width-inherit elementor-invisible elementor-widget elementor-widget-elementskit-accordion\" data-id=\"38dce8d\" data-element_type=\"widget\" data-settings=\"{&quot;_animation&quot;:&quot;fadeIn&quot;,&quot;_animation_delay&quot;:200,&quot;ekit_we_effect_on&quot;:&quot;none&quot;}\" data-widget_type=\"elementskit-accordion.default\">\n\t\t\t\t<div class=\"elementor-widget-container\">\n\t\t\t\t\t<div class=\"ekit-wid-con\" >\n        <div class=\"elementskit-accordion accoedion-primary\" id=\"accordion-69d90af15a79d\">\n\n            \n                <div class=\"elementskit-card\">\n                    <div class=\"elementskit-card-header\" id=\"primaryHeading-0-38dce8d\">\n                        <a href=\"#collapse-bc2283069d90af15a79d\" class=\"ekit-accordion--toggler elementskit-btn-link collapsed\" data-ekit-toggle=\"collapse\" data-target=\"#Collapse-bc2283069d90af15a79d\" aria-expanded=\"false\" aria-controls=\"Collapse-bc2283069d90af15a79d\">\n                            \n                            <span class=\"ekit-accordion-title\">1. Une \u00c9quipe Experte<\/span>\n\n                            \n                                <div class=\"ekit_accordion_icon_group\">\n                                    <div class=\"ekit_accordion_normal_icon\">\n                                        <!-- Normal Icon -->\n\t\t\t\t\t\t\t\t\t\t<i class=\"icon icon-down-arrow1\"><\/i>                                    <\/div>\n\n                                    <div class=\"ekit_accordion_active_icon\">\n                                        <!-- Active Icon -->\n\t\t\t\t\t\t\t\t\t\t<i class=\"icon icon-up-arrow1\"><\/i>                                    <\/div>\n                                <\/div>\n\n                            \n                                                    <\/a>\n                    <\/div>\n\n                    <div id=\"Collapse-bc2283069d90af15a79d\" class=\"collapse\" aria-labelledby=\"primaryHeading-0-38dce8d\" data-parent=\"#accordion-69d90af15a79d\">\n\n                        <div class=\"elementskit-card-body ekit-accordion--content\">\n                            <p>Des techniciens polyvalents qualifi\u00e9s \u00e0 votre service pour des interventions de qualit\u00e9<\/p>                        <\/div>\n\n                    <\/div>\n\n                <\/div><!-- .elementskit-card END -->\n\n                \n                <div class=\"elementskit-card\">\n                    <div class=\"elementskit-card-header\" id=\"primaryHeading-1-38dce8d\">\n                        <a href=\"#collapse-8417e7169d90af15a79d\" class=\"ekit-accordion--toggler elementskit-btn-link collapsed\" data-ekit-toggle=\"collapse\" data-target=\"#Collapse-8417e7169d90af15a79d\" aria-expanded=\"false\" aria-controls=\"Collapse-8417e7169d90af15a79d\">\n                            \n                            <span class=\"ekit-accordion-title\">2. Des Tarifs Abordables<\/span>\n\n                            \n                                <div class=\"ekit_accordion_icon_group\">\n                                    <div class=\"ekit_accordion_normal_icon\">\n                                        <!-- Normal Icon -->\n\t\t\t\t\t\t\t\t\t\t<i class=\"icon icon-down-arrow1\"><\/i>                                    <\/div>\n\n                                    <div class=\"ekit_accordion_active_icon\">\n                                        <!-- Active Icon -->\n\t\t\t\t\t\t\t\t\t\t<i class=\"icon icon-up-arrow1\"><\/i>                                    <\/div>\n                                <\/div>\n\n                            \n                                                    <\/a>\n                    <\/div>\n\n                    <div id=\"Collapse-8417e7169d90af15a79d\" class=\"collapse\" aria-labelledby=\"primaryHeading-1-38dce8d\" data-parent=\"#accordion-69d90af15a79d\">\n\n                        <div class=\"elementskit-card-body ekit-accordion--content\">\n                            <p>Des solutions adapt\u00e9es \u00e0 votre budget, sans compromis sur le service.<\/p>                        <\/div>\n\n                    <\/div>\n\n                <\/div><!-- .elementskit-card END -->\n\n                \n                <div class=\"elementskit-card\">\n                    <div class=\"elementskit-card-header\" id=\"primaryHeading-2-38dce8d\">\n                        <a href=\"#collapse-3dad4e069d90af15a79d\" class=\"ekit-accordion--toggler elementskit-btn-link collapsed\" data-ekit-toggle=\"collapse\" data-target=\"#Collapse-3dad4e069d90af15a79d\" aria-expanded=\"false\" aria-controls=\"Collapse-3dad4e069d90af15a79d\">\n                            \n                            <span class=\"ekit-accordion-title\">3. Une Expertise Reconnaissable <\/span>\n\n                            \n                                <div class=\"ekit_accordion_icon_group\">\n                                    <div class=\"ekit_accordion_normal_icon\">\n                                        <!-- Normal Icon -->\n\t\t\t\t\t\t\t\t\t\t<i class=\"icon icon-down-arrow1\"><\/i>                                    <\/div>\n\n                                    <div class=\"ekit_accordion_active_icon\">\n                                        <!-- Active Icon -->\n\t\t\t\t\t\t\t\t\t\t<i class=\"icon icon-up-arrow1\"><\/i>                                    <\/div>\n                                <\/div>\n\n                            \n                                                    <\/a>\n                    <\/div>\n\n                    <div id=\"Collapse-3dad4e069d90af15a79d\" class=\"collapse\" aria-labelledby=\"primaryHeading-2-38dce8d\" data-parent=\"#accordion-69d90af15a79d\">\n\n                        <div class=\"elementskit-card-body ekit-accordion--content\">\n                            <p>Une exp\u00e9rience solide dans le domaine pour des r\u00e9sultats fiables et durables.<\/p>                        <\/div>\n\n                    <\/div>\n\n                <\/div><!-- .elementskit-card END -->\n\n                                        <\/div>\n    <\/div>\t\t\t\t<\/div>\n\t\t\t\t<\/div>\n\t\t\t\t<\/div>\n\t\t\t\t<\/div>\n\t\t\t\t\t<\/div>\n\t\t\t\t<\/div>\n\t\t<div class=\"elementor-element elementor-element-a305ac7 e-flex e-con-boxed e-con e-parent\" data-id=\"a305ac7\" data-element_type=\"container\" data-settings=\"{&quot;background_background&quot;:&quot;classic&quot;}\">\n\t\t\t\t\t<div class=\"e-con-inner\">\n\t\t<div class=\"elementor-element elementor-element-321e421 e-con-full e-flex e-con e-child\" data-id=\"321e421\" data-element_type=\"container\">\n\t\t<div class=\"elementor-element elementor-element-e60f76e e-con-full e-flex e-con e-child\" data-id=\"e60f76e\" data-element_type=\"container\">\n\t\t\t\t<div class=\"elementor-element elementor-element-2e8bfbf animated-fast elementor-widget__width-initial elementor-invisible elementor-widget elementor-widget-elementskit-heading\" data-id=\"2e8bfbf\" data-element_type=\"widget\" data-settings=\"{&quot;_animation&quot;:&quot;fadeIn&quot;,&quot;_animation_delay&quot;:100,&quot;ekit_we_effect_on&quot;:&quot;none&quot;}\" data-widget_type=\"elementskit-heading.default\">\n\t\t\t\t<div class=\"elementor-widget-container\">\n\t\t\t\t\t<div class=\"ekit-wid-con\" ><div class=\"ekit-heading elementskit-section-title-wraper text_left   ekit_heading_tablet-   ekit_heading_mobile-\"><h6 class=\"elementskit-section-subtitle\">\n\t\t\t\t\t\tNos Engagements\n\t\t\t\t\t<\/h6><h2 class=\"ekit-heading--title elementskit-section-title\">Votre <span>satisfaction<\/span><\/span> , notre priorit\u00e9<\/h2>\t\t\t\t<div class='ekit-heading__description'>\n\t\t\t\t\t<p>Nous nous engageons \u00e0 offrir un service irr\u00e9prochable \u00e0 chacun de nos clients. Nous croyons fermement que la confiance se construit sur des valeurs solides et un travail bien fait.<\/p>\n\t\t\t\t<\/div>\n\t\t\t<\/div><\/div>\t\t\t\t<\/div>\n\t\t\t\t<\/div>\n\t\t\t\t<\/div>\n\t\t<div class=\"elementor-element elementor-element-2813d23 e-con-full animated-fast e-flex elementor-invisible e-con e-child\" data-id=\"2813d23\" data-element_type=\"container\" data-settings=\"{&quot;animation&quot;:&quot;fadeInUp&quot;,&quot;animation_delay&quot;:100}\">\n\t\t\t\t<div class=\"elementor-element elementor-element-e4cb67e keydesign-h5 animated-fast elementor-invisible elementor-widget elementor-widget-elementskit-stylish-list\" data-id=\"e4cb67e\" data-element_type=\"widget\" data-settings=\"{&quot;_animation&quot;:&quot;fadeInUp&quot;,&quot;_animation_delay&quot;:200,&quot;ekit_we_effect_on&quot;:&quot;none&quot;}\" data-widget_type=\"elementskit-stylish-list.default\">\n\t\t\t\t<div class=\"elementor-widget-container\">\n\t\t\t\t\t<div class=\"ekit-wid-con\">\t\t<ul class=\"ekit-stylish-list\" >\n\t\t\t\t\t\t\t<li class=\"ekit-stylish-list-content-wrapper elementor-repeater-item-9176c3a\" >\n\t\t\t\t\t\t\t\t\t\t<div class=\"ekit-stylish-list-content\">\n\t\t\t\t\t\t\t\t\t\t\t\t\t\t\t\t\t\t\t<div class=\"ekit-stylish-list-content-icon\">\t\t\t\n\t\t\t\t\t\t\t\t<i aria-hidden=\"true\" class=\"icon icon-thumbs-up\"><\/i>\t\t\t\n\t\t\t\t\t\t\t<\/div>\n\t\t\t\t\t\t\t\t\t\t\t\t\t\t\t\t\t\t<div class=\"ekit-stylish-list-content-text\">\n\t\t\t\t\t\t\t<span class=\"ekit-stylish-list-content-title\">Qualit\u00e9 de Service <\/span>\n\t\t\t\t\t\t\t\t\t\t\t\t\t\t\t<span class=\"ekit-stylish-list-content-description\">Chaque intervention est r\u00e9alis\u00e9e avec soin et professionnalisme.\n<\/span>\n\t\t\t\t\t\t\t\t\t\t\t\t\t<\/div>\n\t\t\t\t\t\t\t\t\t\t\t<\/div>\n\t\t\t\t\t\n\t\t\t\t<\/li>\n\t\t\t\t\t\t\t\t\t\t\t<li class=\"ekit-stylish-list-content-wrapper elementor-repeater-item-208b9fe\" >\n\t\t\t\t\t\t\t\t\t\t<div class=\"ekit-stylish-list-content\">\n\t\t\t\t\t\t\t\t\t\t\t\t\t\t\t\t\t\t\t<div class=\"ekit-stylish-list-content-icon\">\t\t\t\n\t\t\t\t\t\t\t\t<i aria-hidden=\"true\" class=\"icon icon-heart1\"><\/i>\t\t\t\n\t\t\t\t\t\t\t<\/div>\n\t\t\t\t\t\t\t\t\t\t\t\t\t\t\t\t\t\t<div class=\"ekit-stylish-list-content-text\">\n\t\t\t\t\t\t\t<span class=\"ekit-stylish-list-content-title\">Transparence<\/span>\n\t\t\t\t\t\t\t\t\t\t\t\t\t\t\t<span class=\"ekit-stylish-list-content-description\"> Des devis clairs et sans surprises, pour une totale tranquillit\u00e9 d'esprit.<\/span>\n\t\t\t\t\t\t\t\t\t\t\t\t\t<\/div>\n\t\t\t\t\t\t\t\t\t\t\t<\/div>\n\t\t\t\t\t\n\t\t\t\t<\/li>\n\t\t\t\t\t\t\t\t\t\t\t<li class=\"ekit-stylish-list-content-wrapper elementor-repeater-item-e2f9dd2\" >\n\t\t\t\t\t\t\t\t\t\t<div class=\"ekit-stylish-list-content\">\n\t\t\t\t\t\t\t\t\t\t\t\t\t\t\t\t\t\t\t<div class=\"ekit-stylish-list-content-icon\">\t\t\t\n\t\t\t\t\t\t\t\t<i aria-hidden=\"true\" class=\"icon icon-Speed-Clock\"><\/i>\t\t\t\n\t\t\t\t\t\t\t<\/div>\n\t\t\t\t\t\t\t\t\t\t\t\t\t\t\t\t\t\t<div class=\"ekit-stylish-list-content-text\">\n\t\t\t\t\t\t\t<span class=\"ekit-stylish-list-content-title\">R\u00e9activit\u00e9 <\/span>\n\t\t\t\t\t\t\t\t\t\t\t\t\t\t\t<span class=\"ekit-stylish-list-content-description\">Une \u00e9quipe disponible pour r\u00e9pondre rapidement \u00e0 vos besoins.<\/span>\n\t\t\t\t\t\t\t\t\t\t\t\t\t<\/div>\n\t\t\t\t\t\t\t\t\t\t\t<\/div>\n\t\t\t\t\t\n\t\t\t\t<\/li>\n\t\t\t\t\t\t\t\t\t<\/ul>\n\t<\/div>\t\t\t\t<\/div>\n\t\t\t\t<\/div>\n\t\t\t\t<\/div>\n\t\t\t\t<\/div>\n\t\t\t\t\t<\/div>\n\t\t\t\t<\/div>\n\t\t<div class=\"elementor-element elementor-element-f392b91 e-flex e-con-boxed e-con e-parent\" data-id=\"f392b91\" data-element_type=\"container\" data-settings=\"{&quot;background_background&quot;:&quot;classic&quot;}\">\n\t\t\t\t\t<div class=\"e-con-inner\">\n\t\t<div class=\"elementor-element elementor-element-7b8ef91 e-con-full e-flex e-con e-child\" data-id=\"7b8ef91\" data-element_type=\"container\">\n\t\t\t\t<div class=\"elementor-element elementor-element-3f606d6 elementor-widget__width-initial animated-fast elementor-invisible elementor-widget elementor-widget-elementskit-heading\" data-id=\"3f606d6\" data-element_type=\"widget\" data-settings=\"{&quot;_animation&quot;:&quot;fadeIn&quot;,&quot;_animation_delay&quot;:100,&quot;ekit_we_effect_on&quot;:&quot;none&quot;}\" data-widget_type=\"elementskit-heading.default\">\n\t\t\t\t<div class=\"elementor-widget-container\">\n\t\t\t\t\t<div class=\"ekit-wid-con\" ><div class=\"ekit-heading elementskit-section-title-wraper text_left   ekit_heading_tablet-   ekit_heading_mobile-\"><h6 class=\"elementskit-section-subtitle\">\n\t\t\t\t\t\tCe Que Nous Vous Garantissons\n\t\t\t\t\t<\/h6><h2 class=\"ekit-heading--title elementskit-section-title\">Un service fiable <br \/>et de qualit\u00e9<\/h2>\t\t\t\t<div class='ekit-heading__description'>\n\t\t\t\t\t<p>Notre objectif est de d\u00e9passer vos attentes en vous fournissant un service de haute qualit\u00e9, adapt\u00e9 \u00e0 vos besoins sp\u00e9cifiques.<\/p>\n\t\t\t\t<\/div>\n\t\t\t<\/div><\/div>\t\t\t\t<\/div>\n\t\t\t\t<\/div>\n\t\t<div class=\"elementor-element elementor-element-d5eb252 e-con-full e-flex e-con e-child\" data-id=\"d5eb252\" data-element_type=\"container\">\n\t\t\t\t<div class=\"elementor-element elementor-element-8bfaecc keydesign-h6 animated-fast elementor-invisible elementor-widget elementor-widget-elementskit-stylish-list\" data-id=\"8bfaecc\" data-element_type=\"widget\" data-settings=\"{&quot;_animation&quot;:&quot;fadeIn&quot;,&quot;_animation_delay&quot;:300,&quot;ekit_we_effect_on&quot;:&quot;none&quot;}\" data-widget_type=\"elementskit-stylish-list.default\">\n\t\t\t\t<div class=\"elementor-widget-container\">\n\t\t\t\t\t<div class=\"ekit-wid-con\">\t\t<ul class=\"ekit-stylish-list\" >\n\t\t\t\t\t\t\t<li class=\"ekit-stylish-list-content-wrapper elementor-repeater-item-9176c3a\" >\n\t\t\t\t\t\t\t\t\t\t<div class=\"ekit-stylish-list-content\">\n\t\t\t\t\t\t\t\t\t\t\t\t\t\t\t\t\t\t\t<div class=\"ekit-stylish-list-content-icon\">\t\t\t\n\t\t\t\t\t\t\t\t<i aria-hidden=\"true\" class=\"icon icon-check\"><\/i>\t\t\t\n\t\t\t\t\t\t\t<\/div>\n\t\t\t\t\t\t\t\t\t\t\t\t\t\t\t\t\t\t<div class=\"ekit-stylish-list-content-text\">\n\t\t\t\t\t\t\t<span class=\"ekit-stylish-list-content-title\">Respect des D\u00e9lais<\/span>\n\t\t\t\t\t\t\t\t\t\t\t\t\t<\/div>\n\t\t\t\t\t\t\t\t\t\t\t<\/div>\n\t\t\t\t\t\n\t\t\t\t<\/li>\n\t\t\t\t\t\t\t\t\t\t\t<li class=\"ekit-stylish-list-content-wrapper elementor-repeater-item-aa8aca8\" >\n\t\t\t\t\t\t\t\t\t\t<div class=\"ekit-stylish-list-content\">\n\t\t\t\t\t\t\t\t\t\t\t\t\t\t\t\t\t\t\t<div class=\"ekit-stylish-list-content-icon\">\t\t\t\n\t\t\t\t\t\t\t\t<i aria-hidden=\"true\" class=\"icon icon-check\"><\/i>\t\t\t\n\t\t\t\t\t\t\t<\/div>\n\t\t\t\t\t\t\t\t\t\t\t\t\t\t\t\t\t\t<div class=\"ekit-stylish-list-content-text\">\n\t\t\t\t\t\t\t<span class=\"ekit-stylish-list-content-title\">Expertise Technique<\/span>\n\t\t\t\t\t\t\t\t\t\t\t\t\t<\/div>\n\t\t\t\t\t\t\t\t\t\t\t<\/div>\n\t\t\t\t\t\n\t\t\t\t<\/li>\n\t\t\t\t\t\t\t\t\t\t\t<li class=\"ekit-stylish-list-content-wrapper elementor-repeater-item-b4e5723\" >\n\t\t\t\t\t\t\t\t\t\t<div class=\"ekit-stylish-list-content\">\n\t\t\t\t\t\t\t\t\t\t\t\t\t\t\t\t\t\t\t<div class=\"ekit-stylish-list-content-icon\">\t\t\t\n\t\t\t\t\t\t\t\t<i aria-hidden=\"true\" class=\"icon icon-check\"><\/i>\t\t\t\n\t\t\t\t\t\t\t<\/div>\n\t\t\t\t\t\t\t\t\t\t\t\t\t\t\t\t\t\t<div class=\"ekit-stylish-list-content-text\">\n\t\t\t\t\t\t\t<span class=\"ekit-stylish-list-content-title\">Suivi Personnalis\u00e9<\/span>\n\t\t\t\t\t\t\t\t\t\t\t\t\t<\/div>\n\t\t\t\t\t\t\t\t\t\t\t<\/div>\n\t\t\t\t\t\n\t\t\t\t<\/li>\n\t\t\t\t\t\t\t\t\t<\/ul>\n\t<\/div>\t\t\t\t<\/div>\n\t\t\t\t<\/div>\n\t\t\t\t<\/div>\n\t\t\t\t<div class=\"elementor-element elementor-element-c73ecb3 elementor-align-left elementor-widget__width-auto animated-fast elementor-invisible elementor-widget elementor-widget-elementskit-button\" data-id=\"c73ecb3\" data-element_type=\"widget\" data-settings=\"{&quot;_animation&quot;:&quot;pulse&quot;,&quot;_animation_delay&quot;:200,&quot;ekit_we_effect_on&quot;:&quot;none&quot;}\" data-widget_type=\"elementskit-button.default\">\n\t\t\t\t<div class=\"elementor-widget-container\">\n\t\t\t\t\t<div class=\"ekit-wid-con\" >\t\t<div class=\"ekit-btn-wraper\">\n\t\t\t\t\t\t\t<a href=\"https:\/\/depannageluxembourg.lu\/en_us\/contact\/\" class=\"elementskit-btn  whitespace--normal\" id=\"\">\n\t\t\t\t\tContactez-nous<i class=\"icon icon-right-arrow\"><\/i>\t\t\t\t<\/a>\n\t\t\t\t\t<\/div>\n        <\/div>\t\t\t\t<\/div>\n\t\t\t\t<\/div>\n\t\t\t\t<\/div>\n\t\t<div class=\"elementor-element elementor-element-432c4c1 e-con-full animated-fast e-flex elementor-invisible e-con e-child\" data-id=\"432c4c1\" data-element_type=\"container\" data-settings=\"{&quot;background_background&quot;:&quot;classic&quot;,&quot;animation&quot;:&quot;fadeInUp&quot;,&quot;animation_delay&quot;:200}\">\n\t\t\t\t<div class=\"elementor-element elementor-element-7919e1f elementor-widget elementor-widget-image\" data-id=\"7919e1f\" data-element_type=\"widget\" data-settings=\"{&quot;ekit_we_effect_on&quot;:&quot;none&quot;}\" data-widget_type=\"image.default\">\n\t\t\t\t<div class=\"elementor-widget-container\">\n\t\t\t\t\t\t\t\t\t\t\t\t\t\t\t<img decoding=\"async\" width=\"2560\" height=\"2560\" src=\"https:\/\/depannageluxembourg.lu\/wp-content\/uploads\/2024\/10\/two-builders-working-with-electricity-indoors-new-house-scaled.jpg\" class=\"attachment-full size-full wp-image-27257\" alt=\"\" srcset=\"https:\/\/depannageluxembourg.lu\/wp-content\/uploads\/2024\/10\/two-builders-working-with-electricity-indoors-new-house-scaled.jpg 2560w, https:\/\/depannageluxembourg.lu\/wp-content\/uploads\/2024\/10\/two-builders-working-with-electricity-indoors-new-house-300x300.jpg 300w, https:\/\/depannageluxembourg.lu\/wp-content\/uploads\/2024\/10\/two-builders-working-with-electricity-indoors-new-house-1024x1024.jpg 1024w, https:\/\/depannageluxembourg.lu\/wp-content\/uploads\/2024\/10\/two-builders-working-with-electricity-indoors-new-house-150x150.jpg 150w, https:\/\/depannageluxembourg.lu\/wp-content\/uploads\/2024\/10\/two-builders-working-with-electricity-indoors-new-house-768x768.jpg 768w, https:\/\/depannageluxembourg.lu\/wp-content\/uploads\/2024\/10\/two-builders-working-with-electricity-indoors-new-house-1536x1536.jpg 1536w, https:\/\/depannageluxembourg.lu\/wp-content\/uploads\/2024\/10\/two-builders-working-with-electricity-indoors-new-house-2048x2048.jpg 2048w, https:\/\/depannageluxembourg.lu\/wp-content\/uploads\/2024\/10\/two-builders-working-with-electricity-indoors-new-house-710x710.jpg 710w\" sizes=\"(max-width: 2560px) 100vw, 2560px\" \/>\t\t\t\t\t\t\t\t\t\t\t\t\t\t\t<\/div>\n\t\t\t\t<\/div>\n\t\t\t\t<\/div>\n\t\t\t\t\t<\/div>\n\t\t\t\t<\/div>\n\t\t\t\t<\/div>","protected":false},"excerpt":{"rendered":"<p>L&rsquo;Art de r\u00e9parer, la passion de servir Chez SOS House, nous allions savoir-faire et passion pour transformer vos besoins en solutions durables et efficaces. Home Qui sommes-nous? Des Experts en Interventions Forts de plusieurs ann\u00e9es d&rsquo;exp\u00e9rience dans le domaine du d\u00e9pannage et des r\u00e9parations, nous nous engageons \u00e0 fournir un service de qualit\u00e9 \u00e0 nos [&hellip;]<\/p>","protected":false},"author":1,"featured_media":0,"parent":0,"menu_order":0,"comment_status":"closed","ping_status":"closed","template":"","meta":{"footnotes":""},"class_list":["post-26997","page","type-page","status-publish","hentry"],"aioseo_notices":[],"_links":{"self":[{"href":"https:\/\/depannageluxembourg.lu\/en_us\/wp-json\/wp\/v2\/pages\/26997","targetHints":{"allow":["GET"]}}],"collection":[{"href":"https:\/\/depannageluxembourg.lu\/en_us\/wp-json\/wp\/v2\/pages"}],"about":[{"href":"https:\/\/depannageluxembourg.lu\/en_us\/wp-json\/wp\/v2\/types\/page"}],"author":[{"embeddable":true,"href":"https:\/\/depannageluxembourg.lu\/en_us\/wp-json\/wp\/v2\/users\/1"}],"replies":[{"embeddable":true,"href":"https:\/\/depannageluxembourg.lu\/en_us\/wp-json\/wp\/v2\/comments?post=26997"}],"version-history":[{"count":45,"href":"https:\/\/depannageluxembourg.lu\/en_us\/wp-json\/wp\/v2\/pages\/26997\/revisions"}],"predecessor-version":[{"id":27497,"href":"https:\/\/depannageluxembourg.lu\/en_us\/wp-json\/wp\/v2\/pages\/26997\/revisions\/27497"}],"wp:attachment":[{"href":"https:\/\/depannageluxembourg.lu\/en_us\/wp-json\/wp\/v2\/media?parent=26997"}],"curies":[{"name":"wp","href":"https:\/\/api.w.org\/{rel}","templated":true}]}}