{"id":27001,"date":"2024-06-19T13:03:27","date_gmt":"2024-06-19T13:03:27","guid":{"rendered":"https:\/\/worktop.keydesign.xyz\/plumbing\/?page_id=26338"},"modified":"2024-10-28T13:07:49","modified_gmt":"2024-10-28T13:07:49","slug":"demande-devis","status":"publish","type":"page","link":"https:\/\/depannageluxembourg.lu\/en_us\/demande-devis\/","title":{"rendered":"Demande de Devis"},"content":{"rendered":"<div data-elementor-type=\"wp-page\" data-elementor-id=\"27001\" class=\"elementor elementor-27001\">\n\t\t\t\t<div class=\"elementor-element elementor-element-55ed1ef e-flex e-con-boxed e-con e-parent\" data-id=\"55ed1ef\" data-element_type=\"container\" data-settings=\"{&quot;background_background&quot;:&quot;classic&quot;}\">\n\t\t\t\t\t<div class=\"e-con-inner\">\n\t\t<div class=\"elementor-element elementor-element-543852b e-con-full e-flex e-con e-child\" data-id=\"543852b\" data-element_type=\"container\">\n\t\t\t\t<div class=\"elementor-element elementor-element-45c6fc8 animated-fast elementor-invisible elementor-widget elementor-widget-elementskit-heading\" data-id=\"45c6fc8\" data-element_type=\"widget\" data-settings=\"{&quot;_animation&quot;:&quot;fadeIn&quot;,&quot;_animation_delay&quot;:100,&quot;ekit_we_effect_on&quot;:&quot;css&quot;}\" data-widget_type=\"elementskit-heading.default\">\n\t\t\t\t<div class=\"elementor-widget-container\">\n\t\t\t\t\t<div class=\"ekit-wid-con\" ><div class=\"ekit-heading elementskit-section-title-wraper text_center   ekit_heading_tablet-   ekit_heading_mobile-text_center\"><h1 class=\"ekit-heading--title elementskit-section-title\">Demander un Devis<\/h1>\t\t\t\t<div class='ekit-heading__description'>\n\t\t\t\t\t<p>Pour faciliter votre demande d'intervention, veuillez remplir le formulaire ci-dessous. Nous traiterons votre requ\u00eate rapidement afin de vous apporter l'assistance n\u00e9cessaire.\u00a0<\/p>\n\t\t\t\t<\/div>\n\t\t\t<\/div><\/div>\t\t\t\t<\/div>\n\t\t\t\t<\/div>\n\t\t\t\t<div class=\"elementor-element elementor-element-650378e animated-fast elementor-invisible elementor-widget elementor-widget-elementskit-breadcrumb\" data-id=\"650378e\" data-element_type=\"widget\" data-settings=\"{&quot;_animation&quot;:&quot;fadeIn&quot;,&quot;_animation_delay&quot;:100,&quot;ekit_we_effect_on&quot;:&quot;none&quot;}\" data-widget_type=\"elementskit-breadcrumb.default\">\n\t\t\t\t<div class=\"elementor-widget-container\">\n\t\t\t\t\t<div class=\"ekit-wid-con\" ><ol class=\"ekit-breadcrumb\"><li class=\"ekit_breadcrumbs_start\"><a href=\"https:\/\/depannageluxembourg.lu\/en_us\/\">Accueil<\/a><\/li> <li class=\"brd_sep\"><span class=\"separate_icon\"><i class=\"fas fa-chevron-right\"><\/i><\/span><\/li>  <li>Demande de Devis<\/li><\/ol><\/div>\t\t\t\t<\/div>\n\t\t\t\t<\/div>\n\t\t\t\t<\/div>\n\t\t\t\t\t<\/div>\n\t\t\t\t<\/div>\n\t\t<div class=\"elementor-element elementor-element-3d52236 e-flex e-con-boxed e-con e-parent\" data-id=\"3d52236\" data-element_type=\"container\">\n\t\t\t\t\t<div class=\"e-con-inner\">\n\t\t<div class=\"elementor-element elementor-element-6ebf977 e-con-full e-flex e-con e-child\" data-id=\"6ebf977\" data-element_type=\"container\">\n\t\t\t\t<div class=\"elementor-element elementor-element-59c5921 elementor-widget elementor-widget-elementskit-contact-form7\" data-id=\"59c5921\" data-element_type=\"widget\" data-settings=\"{&quot;ekit_we_effect_on&quot;:&quot;none&quot;}\" data-widget_type=\"elementskit-contact-form7.default\">\n\t\t\t\t<div class=\"elementor-widget-container\">\n\t\t\t\t\t<div class=\"ekit-wid-con\" ><div class=\"ekit-form\">\n<div class=\"wpcf7 no-js\" id=\"wpcf7-f23448-p27001-o1\" lang=\"en-US\" dir=\"ltr\" data-wpcf7-id=\"23448\">\n<div class=\"screen-reader-response\"><p role=\"status\" aria-live=\"polite\" aria-atomic=\"true\"><\/p> <ul><\/ul><\/div>\n<form action=\"\/en_us\/demande-devis\/#wpcf7-f23448-p27001-o1\" method=\"post\" class=\"wpcf7-form init\" aria-label=\"Formulaire de contact\" novalidate=\"novalidate\" data-status=\"init\" data-trp-original-action=\"\/demande-devis\/#wpcf7-f23448-p27001-o1\">\n<fieldset class=\"hidden-fields-container\"><input type=\"hidden\" name=\"_wpcf7\" value=\"23448\" \/><input type=\"hidden\" name=\"_wpcf7_version\" value=\"6.1.4\" \/><input type=\"hidden\" name=\"_wpcf7_locale\" value=\"en_US\" \/><input type=\"hidden\" name=\"_wpcf7_unit_tag\" value=\"wpcf7-f23448-p27001-o1\" \/><input type=\"hidden\" name=\"_wpcf7_container_post\" value=\"27001\" \/><input type=\"hidden\" name=\"_wpcf7_posted_data_hash\" value=\"\" \/>\n<\/fieldset>\n<h5 class=\"form-title\">1. Coordonn\u00e9es\n<\/h5>\n<div class=\"form-heading-description\">\n\t<p>Veuillez fournir vos informations de contact afin que nous puissions vous joindre. Nous utiliserons ces informations pour vous contacter concernant votre demande.\n\t<\/p>\n<\/div>\n<div class=\"inline-form mb-fix\">\n\t<div class=\"keydesign-label\">\n\t\t<p><label>Nom & Pr\u00e9nom*<\/label><span class=\"wpcf7-form-control-wrap\" data-name=\"your-name\"><input size=\"40\" maxlength=\"400\" class=\"wpcf7-form-control wpcf7-text wpcf7-validates-as-required\" autocomplete=\"name\" aria-required=\"true\" aria-invalid=\"false\" value=\"\" type=\"text\" name=\"your-name\" \/><\/span>\n\t\t<\/p>\n\t<\/div>\n\t<div class=\"keydesign-label\">\n\t\t<p><label>T\u00e9l\u00e9phone*<\/label><span class=\"wpcf7-form-control-wrap\" data-name=\"phone-number\"><input size=\"40\" maxlength=\"400\" class=\"wpcf7-form-control wpcf7-tel wpcf7-validates-as-required wpcf7-text wpcf7-validates-as-tel\" autocomplete=\"tel\" aria-required=\"true\" aria-invalid=\"false\" value=\"\" type=\"tel\" name=\"phone-number\" \/><\/span>\n\t\t<\/p>\n\t<\/div>\n\t<div class=\"keydesign-label\">\n\t\t<p><label>Email*<\/label><span class=\"wpcf7-form-control-wrap\" data-name=\"email-address\"><input size=\"40\" maxlength=\"400\" class=\"wpcf7-form-control wpcf7-email wpcf7-validates-as-required wpcf7-text wpcf7-validates-as-email\" autocomplete=\"email\" aria-required=\"true\" aria-invalid=\"false\" value=\"\" type=\"email\" name=\"email-address\" \/><\/span>\n\t\t<\/p>\n\t<\/div>\n<\/div>\n<h5 class=\"form-title\">2. Choisissez votre service\n<\/h5>\n<div class=\"form-heading-description\">\n\t<p>S\u00e9lectionnez le service qui vous int\u00e9resse parmi les options ci-dessous. Cela nous aide \u00e0 comprendre vos besoins et \u00e0 vous mettre en contact avec le bon sp\u00e9cialiste.\n\t<\/p>\n<\/div>\n<div class=\"inline-form mb-fix\">\n\t<div class=\"keydesign-label\">\n\t\t<p><label>Localisation*<\/label><span class=\"wpcf7-form-control-wrap\" data-name=\"localisation\"><input size=\"40\" maxlength=\"400\" class=\"wpcf7-form-control wpcf7-text wpcf7-validates-as-required\" autocomplete=\"name\" aria-required=\"true\" aria-invalid=\"false\" value=\"\" type=\"text\" name=\"localisation\" \/><\/span>\n\t\t<\/p>\n\t<\/div>\n\t<p><span class=\"wpcf7-form-control-wrap\" data-name=\"service-type\"><select class=\"wpcf7-form-control wpcf7-select\" aria-invalid=\"false\" name=\"service-type\"><option value=\"Type de service\">Type de service<\/option><option value=\"Menuiserie\">Menuiserie<\/option><option value=\"Peinture\">Peinture<\/option><option value=\"Rev\u00eatement de Sol et Mur\">Rev\u00eatement de Sol et Mur<\/option><option value=\"R\u00e9novation d&#039;Int\u00e9rieur\">R\u00e9novation d&#039;Int\u00e9rieur<\/option><option value=\"Plomberie\">Plomberie<\/option><option value=\"\u00c9lectricit\u00e9\">\u00c9lectricit\u00e9<\/option><option value=\"Ma\u00e7onnerie\">Ma\u00e7onnerie<\/option><option value=\"Serrurerie\">Serrurerie<\/option><option value=\"Nettoyage Int\u00e9rieur et Ext\u00e9rieur\">Nettoyage Int\u00e9rieur et Ext\u00e9rieur<\/option><option value=\"Entretien Toiture\">Entretien Toiture<\/option><\/select><\/span>\n\t<\/p>\n<\/div>\n<h5 class=\"form-title\">3. Informations sur le projet\n<\/h5>\n<div class=\"form-heading-description\">\n\t<p>Donnez-nous quelques d\u00e9tails sur votre projet. Incluez toutes exigences sp\u00e9cifiques, objectifs ou questions que vous avez concernant le projet.\n\t<\/p>\n<\/div>\n<div class=\"inline-form\">\n\t<div class=\"keydesign-label\">\n\t\t<p><label>Budget approximatif<\/label><span class=\"wpcf7-form-control-wrap\" data-name=\"budget-field\"><input size=\"40\" maxlength=\"400\" class=\"wpcf7-form-control wpcf7-text\" aria-invalid=\"false\" value=\"\" type=\"text\" name=\"budget-field\" \/><\/span>\n\t\t<\/p>\n\t<\/div>\n\t<div class=\"keydesign-label\">\n\t\t<p><label>Autres d\u00e9tails<\/label><span class=\"wpcf7-form-control-wrap\" data-name=\"other-details\"><input size=\"40\" maxlength=\"400\" class=\"wpcf7-form-control wpcf7-text\" aria-invalid=\"false\" value=\"\" type=\"text\" name=\"other-details\" \/><\/span>\n\t\t<\/p>\n\t<\/div>\n<\/div>\n<div class=\"keydesign-label\">\n\t<p><label>Y a-t-il autre chose que vous aimeriez que nous sachions ?<\/label><span class=\"wpcf7-form-control-wrap\" data-name=\"your-message\"><textarea cols=\"40\" rows=\"10\" maxlength=\"2000\" class=\"wpcf7-form-control wpcf7-textarea\" aria-invalid=\"false\" name=\"your-message\"><\/textarea><\/span>\n\t<\/p>\n<\/div>\n<p><span class=\"wpcf7-form-control-wrap\" data-name=\"your-consent\"><span class=\"wpcf7-form-control wpcf7-acceptance\"><span class=\"wpcf7-list-item\"><label><input type=\"checkbox\" name=\"your-consent\" value=\"1\" aria-invalid=\"false\" \/><span class=\"wpcf7-list-item-label\">Je comprends et j'accepte la <a href=\"https:\/\/depannageluxembourg.lu\/en_us\/politique-de-confidentialite\/\" target=\"_blank\">politique de confidentialit\u00e9.<\/a>.<\/span><\/label><\/span><\/span><\/span>\n<\/p>\n<p><input class=\"wpcf7-form-control wpcf7-submit has-spinner\" type=\"submit\" value=\"Envoyer\" \/>\n<\/p><div class=\"wpcf7-response-output\" aria-hidden=\"true\"><\/div>\n<input type=\"hidden\" name=\"trp-form-language\" value=\"en_us\"\/><\/form>\n<\/div>\n<\/div><\/div>\t\t\t\t<\/div>\n\t\t\t\t<\/div>\n\t\t\t\t<\/div>\n\t\t\t\t\t<\/div>\n\t\t\t\t<\/div>\n\t\t\t\t<\/div>","protected":false},"excerpt":{"rendered":"<p>Demander un Devis Pour faciliter votre demande d&rsquo;intervention, veuillez remplir le formulaire ci-dessous. Nous traiterons votre requ\u00eate rapidement afin de vous apporter l&rsquo;assistance n\u00e9cessaire.\u00a0 Home 1. Contact details Please provide your contact information so we can reach you. We will use this information to get in touch with you regarding your inquiry. Your name * [&hellip;]<\/p>","protected":false},"author":1,"featured_media":0,"parent":0,"menu_order":0,"comment_status":"closed","ping_status":"closed","template":"","meta":{"footnotes":""},"class_list":["post-27001","page","type-page","status-publish","hentry"],"aioseo_notices":[],"_links":{"self":[{"href":"https:\/\/depannageluxembourg.lu\/en_us\/wp-json\/wp\/v2\/pages\/27001","targetHints":{"allow":["GET"]}}],"collection":[{"href":"https:\/\/depannageluxembourg.lu\/en_us\/wp-json\/wp\/v2\/pages"}],"about":[{"href":"https:\/\/depannageluxembourg.lu\/en_us\/wp-json\/wp\/v2\/types\/page"}],"author":[{"embeddable":true,"href":"https:\/\/depannageluxembourg.lu\/en_us\/wp-json\/wp\/v2\/users\/1"}],"replies":[{"embeddable":true,"href":"https:\/\/depannageluxembourg.lu\/en_us\/wp-json\/wp\/v2\/comments?post=27001"}],"version-history":[{"count":12,"href":"https:\/\/depannageluxembourg.lu\/en_us\/wp-json\/wp\/v2\/pages\/27001\/revisions"}],"predecessor-version":[{"id":27313,"href":"https:\/\/depannageluxembourg.lu\/en_us\/wp-json\/wp\/v2\/pages\/27001\/revisions\/27313"}],"wp:attachment":[{"href":"https:\/\/depannageluxembourg.lu\/en_us\/wp-json\/wp\/v2\/media?parent=27001"}],"curies":[{"name":"wp","href":"https:\/\/api.w.org\/{rel}","templated":true}]}}