{"id":3,"date":"2024-10-21T09:13:48","date_gmt":"2024-10-21T09:13:48","guid":{"rendered":"http:\/\/depannageluxembourg.lu\/?page_id=3"},"modified":"2024-10-28T19:18:31","modified_gmt":"2024-10-28T19:18:31","slug":"politique-de-confidentialite","status":"publish","type":"page","link":"https:\/\/depannageluxembourg.lu\/en_us\/politique-de-confidentialite\/","title":{"rendered":"Politique de Confidentialit\u00e9"},"content":{"rendered":"<p><\/p>\n\n\n\n<p>La pr\u00e9sente Politique de Confidentialit\u00e9 d\u00e9finit la mani\u00e8re dont D\u00e9pannage Luxembourg collecte, utilise, prot\u00e8ge et divulgue les informations recueillies aupr\u00e8s des utilisateurs (ci-apr\u00e8s d\u00e9nomm\u00e9s \u00ab Utilisateurs \u00bb) de\u00a0<a href=\"https:\/\/plombierametz.com\/\">https:\/\/depannageluxembourg.lu\/<\/a>(ci-apr\u00e8s d\u00e9nomm\u00e9 \u00ab le Site \u00bb).<\/p>\n\n\n\n<p><strong>Collecte des Informations Personnelles :&nbsp;<\/strong><\/p>\n\n\n\n<p>Nous pouvons collecter des informations personnelles aupr\u00e8s des Utilisateurs de diff\u00e9rentes mani\u00e8res, mais sans s\u2019y limiter, lorsque les Utilisateurs visitent notre site, s\u2019inscrivent sur le site, remplissent un formulaire, passent une commande, r\u00e9pondent \u00e0 un sondage, s\u2019abonnent \u00e0 la newsletter et en relation avec d\u2019autres activit\u00e9s, services, fonctionnalit\u00e9s ou ressources que nous mettons \u00e0 leur disposition sur notre Site. Les Utilisateurs peuvent \u00eatre invit\u00e9s, le cas \u00e9ch\u00e9ant, \u00e0 fournir leur nom, leur adresse e-mail, leur adresse postale, leur num\u00e9ro de t\u00e9l\u00e9phone et d\u2019autres informations pertinentes.<\/p>\n\n\n\n<p><strong>Utilisation des Informations Collect\u00e9es :&nbsp;<\/strong><\/p>\n\n\n\n<p>Nous pouvons collecter et utiliser les informations personnelles des Utilisateurs pour les objectifs suivants :<\/p>\n\n\n\n<p>Personnaliser l\u2019exp\u00e9rience utilisateur : Nous pouvons utiliser les informations dans leur ensemble pour comprendre comment nos Utilisateurs utilisent les services et ressources fournis sur notre Site.<\/p>\n\n\n\n<p>Am\u00e9liorer notre Site : Nous nous effor\u00e7ons constamment d\u2019am\u00e9liorer nos offres de Site en fonction des informations et des retours que nous recevons de la part des Utilisateurs.<\/p>\n\n\n\n<p>Am\u00e9liorer le service client : Vos informations nous aident \u00e0 r\u00e9pondre de mani\u00e8re plus efficace \u00e0 vos demandes de service client et \u00e0 vos besoins de support.<\/p>\n\n\n\n<p>Traitement des transactions : Nous pouvons utiliser les informations fournies par les Utilisateurs lorsqu\u2019ils passent une commande uniquement pour fournir ce service. Nous ne partageons pas ces informations avec des tiers, sauf dans la mesure n\u00e9cessaire pour fournir le service.<\/p>\n\n\n\n<p>Envoyer des e-mails p\u00e9riodiques : Nous pouvons utiliser l\u2019adresse e-mail des Utilisateurs pour leur envoyer des informations et des mises \u00e0 jour relatives \u00e0 leur commande. Elle peut \u00e9galement \u00eatre utilis\u00e9e pour r\u00e9pondre \u00e0 leurs demandes,<\/p>\n\n\n\n<p><strong>Protection des Informations Personnelles :&nbsp;<\/strong><\/p>\n\n\n\n<p>Nous adoptons des pratiques appropri\u00e9es de collecte, de stockage et de traitement des donn\u00e9es et des mesures de s\u00e9curit\u00e9 pour prot\u00e9ger contre tout acc\u00e8s non autoris\u00e9, alt\u00e9ration, divulgation ou destruction de vos informations personnelles, nom d\u2019utilisateur, mot de passe, informations de transaction et donn\u00e9es stock\u00e9es sur notre Site.<\/p>\n\n\n\n<p><strong>Partage des Informations Personnelles&nbsp;<\/strong><\/p>\n\n\n\n<p>Nous ne vendons, n\u2019\u00e9changeons ni ne louons les informations personnelles des Utilisateurs \u00e0 des tiers. Nous pouvons partager des informations d\u00e9mographiques agr\u00e9g\u00e9es g\u00e9n\u00e9riques non li\u00e9es \u00e0 des informations personnelles identifiables concernant les visiteurs et les utilisateurs avec nos partenaires commerciaux, affili\u00e9s de confiance et annonceurs \u00e0 des fins d\u00e9crites ci-dessus.<\/p>\n\n\n\n<p><strong>Conformit\u00e9 \u00e0 la L\u00e9gislation en Mati\u00e8re de Protection des Donn\u00e9es :&nbsp;<\/strong><\/p>\n\n\n\n<p>Nous respectons strictement les lois sur la protection des donn\u00e9es en vigueur. Si vous avez des questions concernant la conformit\u00e9 de notre Site avec ces lois, veuillez nous contacter \u00e0 contact@depannageluxembourg.lu<\/p>\n\n\n\n<p><strong>Modifications de la Politique de Confidentialit\u00e9 :&nbsp;<\/strong><\/p>\n\n\n\n<p>Nous nous r\u00e9servons le droit de mettre \u00e0 jour cette politique de confidentialit\u00e9 \u00e0 tout moment. Nous encourageons les Utilisateurs \u00e0 consulter fr\u00e9quemment cette page pour rester inform\u00e9s de toute modification quant \u00e0 la mani\u00e8re dont nous prot\u00e9geons les informations personnelles que nous collectons. Vous reconnaissez et acceptez qu\u2019il est de votre responsabilit\u00e9 de revoir p\u00e9riodiquement cette politique de confidentialit\u00e9 et de vous informer des modifications.<\/p>\n\n\n\n<p><strong>Acceptation de ces Termes :&nbsp;<\/strong><\/p>\n\n\n\n<p>En utilisant ce Site, vous signifiez votre acceptation de cette politique et des conditions d\u2019utilisation. Si vous n\u2019acceptez pas cette politique, veuillez ne pas utiliser notre Site. Votre utilisation continue du Site apr\u00e8s la publication de modifications de cette politique sera consid\u00e9r\u00e9e comme votre acceptation de ces modification.<\/p>","protected":false},"excerpt":{"rendered":"<p>La pr\u00e9sente Politique de Confidentialit\u00e9 d\u00e9finit la mani\u00e8re dont D\u00e9pannage Luxembourg collecte, utilise, prot\u00e8ge et divulgue les informations recueillies aupr\u00e8s des utilisateurs (ci-apr\u00e8s d\u00e9nomm\u00e9s \u00ab Utilisateurs \u00bb) de\u00a0https:\/\/depannageluxembourg.lu\/(ci-apr\u00e8s d\u00e9nomm\u00e9 \u00ab le Site \u00bb). Collecte des Informations Personnelles :&nbsp; Nous pouvons collecter des informations personnelles aupr\u00e8s des Utilisateurs de diff\u00e9rentes mani\u00e8res, mais sans s\u2019y limiter, lorsque [&hellip;]<\/p>","protected":false},"author":1,"featured_media":0,"parent":0,"menu_order":0,"comment_status":"closed","ping_status":"open","template":"","meta":{"footnotes":""},"class_list":["post-3","page","type-page","status-publish","hentry"],"aioseo_notices":[],"_links":{"self":[{"href":"https:\/\/depannageluxembourg.lu\/en_us\/wp-json\/wp\/v2\/pages\/3","targetHints":{"allow":["GET"]}}],"collection":[{"href":"https:\/\/depannageluxembourg.lu\/en_us\/wp-json\/wp\/v2\/pages"}],"about":[{"href":"https:\/\/depannageluxembourg.lu\/en_us\/wp-json\/wp\/v2\/types\/page"}],"author":[{"embeddable":true,"href":"https:\/\/depannageluxembourg.lu\/en_us\/wp-json\/wp\/v2\/users\/1"}],"replies":[{"embeddable":true,"href":"https:\/\/depannageluxembourg.lu\/en_us\/wp-json\/wp\/v2\/comments?post=3"}],"version-history":[{"count":2,"href":"https:\/\/depannageluxembourg.lu\/en_us\/wp-json\/wp\/v2\/pages\/3\/revisions"}],"predecessor-version":[{"id":27380,"href":"https:\/\/depannageluxembourg.lu\/en_us\/wp-json\/wp\/v2\/pages\/3\/revisions\/27380"}],"wp:attachment":[{"href":"https:\/\/depannageluxembourg.lu\/en_us\/wp-json\/wp\/v2\/media?parent=3"}],"curies":[{"name":"wp","href":"https:\/\/api.w.org\/{rel}","templated":true}]}}